{"id":24,"date":"2026-02-16T16:05:06","date_gmt":"2026-02-16T16:05:06","guid":{"rendered":"https:\/\/lavandariacolibri.com\/?page_id=24"},"modified":"2026-03-30T17:30:09","modified_gmt":"2026-03-30T17:30:09","slug":"contato","status":"publish","type":"page","link":"https:\/\/lavandariacolibri.com\/en\/contato\/","title":{"rendered":"Contact"},"content":{"rendered":"<div class=\"wp-block-group is-layout-constrained wp-block-group-is-layout-constrained\">\n<div class=\"wp-block-columns is-layout-flex wp-container-core-columns-is-layout-28f84493 wp-block-columns-is-layout-flex\">\n<div class=\"wp-block-column is-layout-flow wp-block-column-is-layout-flow\">\n<h2 id=\"wp-block-themeisle-blocks-advanced-heading-21b9b095\" class=\"wp-block-themeisle-blocks-advanced-heading wp-block-themeisle-blocks-advanced-heading-21b9b095\">Get in touch<\/h2>\n\n\n\n<h4 class=\"wp-block-heading\">In the offices of<\/h4>\n\n\n\n<p>Avenida Claudinho Santos Costa #272 Fra\u00e7\u00e3o a Praia da Vagueira Vagos, Portugal, 3840-271<\/p>\n\n\n\n<h4 class=\"wp-block-heading\">Call us<\/h4>\n\n\n\n<div class=\"wp-block-group is-vertical is-layout-flex wp-container-core-group-is-layout-fe9cc265 wp-block-group-is-layout-flex\">\n<p>234106540, 915831039, 915 862 696<br>Monday \u2013 Friday, 8:30 AM - 1:00 PM and 2:00 PM - 6:00 PM<\/p>\n\n\n\n<h4 class=\"wp-block-heading\">E-mail<\/h4>\n\n\n\n<p><a href=\"mailto:colibrilavandaria@gmail.com\" target=\"_blank\" rel=\"noreferrer noopener\">colibrilavandaria@gmail.com<\/a><\/p>\n<\/div>\n<\/div>\n\n\n\n<div class=\"wp-block-column is-layout-flow wp-block-column-is-layout-flow\">\n<figure class=\"wp-block-image alignright size-full is-resized\"><img loading=\"lazy\" decoding=\"async\" width=\"366\" height=\"540\" src=\"https:\/\/lavandariacolibri.com\/wp-content\/uploads\/2026\/03\/foto_contactos-1.png\" alt=\"\" class=\"wp-image-154\" style=\"aspect-ratio:0.6777823862850823;width:345px;height:auto\" srcset=\"https:\/\/lavandariacolibri.com\/wp-content\/uploads\/2026\/03\/foto_contactos-1.png 366w, https:\/\/lavandariacolibri.com\/wp-content\/uploads\/2026\/03\/foto_contactos-1-203x300.png 203w\" sizes=\"auto, (max-width: 366px) 100vw, 366px\" \/><\/figure>\n<\/div>\n<\/div>\n<\/div>","protected":false},"excerpt":{"rendered":"<p>Nos escrit\u00f3rios de Avenida Claudinho Santos Costa #272 Fra\u00e7\u00e3o a Praia da Vagueira Vagos, Portugal, 3840-271 Ligue para n\u00f3s 234106540, 915831039, 915 862 696Segunda &#8211; Sexta, 8:30-13:00h e 14:00-18:00h E-mail colibrilavandaria@gmail.com<\/p>","protected":false},"author":1,"featured_media":0,"parent":0,"menu_order":0,"comment_status":"closed","ping_status":"closed","template":"","meta":{"_themeisle_gutenberg_block_has_review":false,"footnotes":""},"class_list":["post-24","page","type-page","status-publish","hentry"],"_hostinger_reach_plugin_has_subscription_block":false,"_hostinger_reach_plugin_is_elementor":false,"_links":{"self":[{"href":"https:\/\/lavandariacolibri.com\/en\/wp-json\/wp\/v2\/pages\/24","targetHints":{"allow":["GET"]}}],"collection":[{"href":"https:\/\/lavandariacolibri.com\/en\/wp-json\/wp\/v2\/pages"}],"about":[{"href":"https:\/\/lavandariacolibri.com\/en\/wp-json\/wp\/v2\/types\/page"}],"author":[{"embeddable":true,"href":"https:\/\/lavandariacolibri.com\/en\/wp-json\/wp\/v2\/users\/1"}],"replies":[{"embeddable":true,"href":"https:\/\/lavandariacolibri.com\/en\/wp-json\/wp\/v2\/comments?post=24"}],"version-history":[{"count":18,"href":"https:\/\/lavandariacolibri.com\/en\/wp-json\/wp\/v2\/pages\/24\/revisions"}],"predecessor-version":[{"id":536,"href":"https:\/\/lavandariacolibri.com\/en\/wp-json\/wp\/v2\/pages\/24\/revisions\/536"}],"wp:attachment":[{"href":"https:\/\/lavandariacolibri.com\/en\/wp-json\/wp\/v2\/media?parent=24"}],"curies":[{"name":"wp","href":"https:\/\/api.w.org\/{rel}","templated":true}]}}